{"id":287,"date":"2015-05-11T09:58:37","date_gmt":"2015-05-11T09:58:37","guid":{"rendered":"http:\/\/moon.pinsupreme.com\/?page_id=287"},"modified":"2026-02-13T14:01:50","modified_gmt":"2026-02-13T14:01:50","slug":"about-me-2","status":"publish","type":"page","link":"https:\/\/ivana-miletic.com\/index.php\/about-me-2\/","title":{"rendered":"Ivana Mileti\u0107"},"content":{"rendered":"<p data-start=\"39\" data-end=\"64\"><strong data-start=\"39\" data-end=\"62\">Welcome to my blog<\/strong><\/p>\n<p data-start=\"66\" data-end=\"315\">My name is <strong data-start=\"77\" data-end=\"94\">Ivana Mileti\u0107<\/strong>. I\u2019m a <strong data-start=\"102\" data-end=\"129\">photographer and author<\/strong>, drawn to stories that live beneath the surface. I capture moments through the lens, but also through words, always searching for what people hide, feel, and reveal without saying much.<\/p>\n<p data-start=\"317\" data-end=\"566\">In 2015, I was awarded the honorary title <strong data-start=\"359\" data-end=\"429\">AFIAP (Artist of the International Federation of Photographic Art)<\/strong>. I have participated in numerous national and international photography salons, receiving several awards and recognitions along the way.<\/p>\n<p data-start=\"568\" data-end=\"941\">Writing has been my long-time form of expression and inner exploration. In my work, I explore emotions, intuition, the psychology of relationships, and the way people react when life pushes them into unexpected situations. I often blend the rational with the intuitive, creating an atmosphere where truth is uncovered slowly, in silence, in details, in what remains unsaid.<\/p>\n<p data-start=\"943\" data-end=\"1147\">My short story collection <strong data-start=\"969\" data-end=\"1002\">Do\u0111i da ti ne\u0161to ka\u017eem (2025)<\/strong> was also published in English under the title <strong data-start=\"1049\" data-end=\"1084\">Come, Let Me Tell You Something<\/strong>, and my novel <strong data-start=\"1099\" data-end=\"1128\">Nestao strani dr\u017eavljanin<\/strong> is my second book.<\/p>\n<div style=\"position: absolute; left: -3300px;\"><a href=\"https:\/\/www.ghostwriteronline.eu\">ghostwriter<\/a><\/div>\n","protected":false},"excerpt":{"rendered":"<p>Welcome to my blog My name is Ivana Mileti\u0107. I\u2019m a photographer and author, drawn to stories that live beneath the surface. I capture moments through the lens, but also through words, always searching for what people hide, feel, and reveal without saying much. In 2015, I was awarded the honorary title AFIAP (Artist of &hellip; <a href=\"https:\/\/ivana-miletic.com\/index.php\/about-me-2\/\" class=\"more-link\">Continue reading<span class=\"screen-reader-text\"> &#8220;Ivana Mileti\u0107&#8221;<\/span><\/a><\/p>\n","protected":false},"author":1,"featured_media":0,"parent":0,"menu_order":0,"comment_status":"open","ping_status":"open","template":"","meta":{"footnotes":""},"class_list":["post-287","page","type-page","status-publish","hentry"],"_links":{"self":[{"href":"https:\/\/ivana-miletic.com\/index.php\/wp-json\/wp\/v2\/pages\/287","targetHints":{"allow":["GET"]}}],"collection":[{"href":"https:\/\/ivana-miletic.com\/index.php\/wp-json\/wp\/v2\/pages"}],"about":[{"href":"https:\/\/ivana-miletic.com\/index.php\/wp-json\/wp\/v2\/types\/page"}],"author":[{"embeddable":true,"href":"https:\/\/ivana-miletic.com\/index.php\/wp-json\/wp\/v2\/users\/1"}],"replies":[{"embeddable":true,"href":"https:\/\/ivana-miletic.com\/index.php\/wp-json\/wp\/v2\/comments?post=287"}],"version-history":[{"count":18,"href":"https:\/\/ivana-miletic.com\/index.php\/wp-json\/wp\/v2\/pages\/287\/revisions"}],"predecessor-version":[{"id":2175,"href":"https:\/\/ivana-miletic.com\/index.php\/wp-json\/wp\/v2\/pages\/287\/revisions\/2175"}],"wp:attachment":[{"href":"https:\/\/ivana-miletic.com\/index.php\/wp-json\/wp\/v2\/media?parent=287"}],"curies":[{"name":"wp","href":"https:\/\/api.w.org\/{rel}","templated":true}]}}